{"id":226,"date":"2020-02-17T11:58:21","date_gmt":"2020-02-17T11:58:21","guid":{"rendered":"https:\/\/demosites.io\/restaurant-gb\/?page_id=226"},"modified":"2024-04-12T11:16:43","modified_gmt":"2024-04-12T09:16:43","slug":"reserva-y-disfruta-el-marisco-ceuti","status":"publish","type":"page","link":"https:\/\/elcamaronceuta.es\/en\/reserva-y-disfruta-el-marisco-ceuti\/","title":{"rendered":"Book"},"content":{"rendered":"<div style=\"height:69px\" aria-hidden=\"true\" class=\"wp-block-spacer\"><\/div>\n\n\n\n<div style=\"height:69px\" aria-hidden=\"true\" class=\"wp-block-spacer\"><\/div>\n\n\n\n<section id=\"wp-block-themeisle-blocks-advanced-columns-150002a9\" class=\"wp-block-themeisle-blocks-advanced-columns alignfull has-2-columns has-desktop-equal-layout has-tablet-equal-layout has-mobile-collapsedRows-layout has-vertical-unset has-vertical-undefined has-light-bg\"><div class=\"wp-block-themeisle-blocks-advanced-columns-overlay\"><\/div><div class=\"innerblocks-wrap\">\n<div id=\"wp-block-themeisle-blocks-advanced-column-0a67918a\" class=\"wp-block-themeisle-blocks-advanced-column\">\n<div style=\"height:160px\" aria-hidden=\"true\" class=\"wp-block-spacer\"><\/div>\n<\/div>\n\n\n\n<div id=\"wp-block-themeisle-blocks-advanced-column-fb2699c4\" class=\"wp-block-themeisle-blocks-advanced-column has-light-bg\">\n<h1 class=\"wp-block-heading has-nv-dark-bg-color has-text-color has-x-large-font-size\">Reserva y disfruta el marisco Ceut\u00ed en familia<\/h1>\n\n\n\n<p class=\"has-medium-font-size\">\u00a1Bienvenido a Bar Camar\u00f3n! Ven a disfrutar de nuestro exquisito marisco Ceut\u00ed. Realiza tu reserva ahora y d\u00e9jate llevar por los sabores aut\u00e9nticos del mar en un ambiente \u00fanico. <strong>Reserva y disfruta el marisco Ceut\u00ed como nunca ..<\/strong><\/p>\n\n\n\n<p class=\"has-neve-text-color-color has-text-color has-medium-font-size\"><a href=\"https:\/\/www.google.com\/maps?rlz=1C1GCEA_enES973ES973&amp;gs_lcrp=EgZjaHJvbWUqDAgAECMYJxiABBiKBTIMCAAQIxgnGIAEGIoFMg0IARAuGK8BGMcBGIAEMgYIAhBFGEAyCAgDEAAYFhgeMgYIBBBFGDzSAQk0NTIwajBqMTWoAgmwAgE&amp;um=1&amp;ie=UTF-8&amp;fb=1&amp;gl=es&amp;sa=X&amp;geocode=KadUeYRaowwNMQWibm6bjidj&amp;daddr=C.+110+Bda.+Juan+Carlos+I,+42,+51002+Ceuta\">C. 110 Bda. Juan Carlos I, 42, 51002 Ceuta<\/a><\/p>\n\n\n\n<p class=\"has-medium-font-size\">+34 620 14 41 27<\/p>\n<\/div>\n<\/div><\/section>\n\n\n\n<div style=\"height:100px\" aria-hidden=\"true\" class=\"wp-block-spacer\"><\/div>\n\n\n\n<div style=\"height:14px\" aria-hidden=\"true\" class=\"wp-block-spacer\"><\/div>\n\n\n\n<div class=\"wp-block-columns is-layout-flex wp-container-core-columns-is-layout-1 wp-block-columns-is-layout-flex\">\n<div class=\"wp-block-column is-layout-flow wp-block-column-is-layout-flow\">\n<h2 class=\"wp-block-heading has-neve-link-hover-color-color has-text-color has-link-color has-large-font-size wp-elements-b1de2a476c8c67f0928141d56b08e674\"><strong>Reserva ya ! disfruta del buen marisco en El Camar\u00f3n<\/strong><\/h2>\n\n\n\n<p class=\"has-medium-font-size\">D\u00e9janos deleitarte con nuestras exquisitas tapas y raciones de marisco, preparadas con ingredientes frescos y de la m\u00e1s alta calidad y a un precio econ\u00f3mico. Reserva ahora para asegurar tu mesa y descubre por qu\u00e9 somos un restaurante familiar de toda la vida.<\/p>\n\n\n\n<p class=\"has-medium-font-size\"><strong><em>Ll\u00e1manos directamente para reservar tu mesa: <\/em><\/strong><\/p>\n\n\n\n<p class=\"has-medium-font-size\">\ud83d\udcde<strong>+34 620 14 41 27<\/strong><\/p>\n<\/div>\n\n\n\n<div class=\"wp-block-column is-layout-flow wp-block-column-is-layout-flow\">\n<div class=\"wp-block-uagb-image uagb-block-d5f2e682 wp-block-uagb-image--layout-default wp-block-uagb-image--effect-static wp-block-uagb-image--align-none\"><figure class=\"wp-block-uagb-image__figure\"><img decoding=\"async\" srcset=\"https:\/\/elcamaronceuta.es\/wp-content\/uploads\/2024\/03\/DSC_6045-1024x683.jpg ,https:\/\/elcamaronceuta.es\/wp-content\/uploads\/2024\/03\/DSC_6045-scaled.jpg 780w, https:\/\/elcamaronceuta.es\/wp-content\/uploads\/2024\/03\/DSC_6045-scaled.jpg 360w\" sizes=\"(max-width: 480px) 150px\" src=\"https:\/\/elcamaronceuta.es\/wp-content\/uploads\/2024\/03\/DSC_6045-1024x683.jpg\" alt=\"Reserva y disfruta el marisco Ceut\u00ed. Bar Camar\u00f3n\" class=\"uag-image-997\" width=\"1024\" height=\"683\" title=\"Ambiente familiar y gastronom\u00eda marina en Ceuta\" loading=\"lazy\" role=\"img\"\/><\/figure><\/div>\n<\/div>\n<\/div>\n\n\n\n<div style=\"height:105px\" aria-hidden=\"true\" class=\"wp-block-spacer\"><\/div>\n\n\n\n<div class=\"wp-block-columns is-layout-flex wp-container-core-columns-is-layout-2 wp-block-columns-is-layout-flex\">\n<div class=\"wp-block-column is-layout-flow wp-block-column-is-layout-flow\">\n<div class=\"wp-block-uagb-image uagb-block-b8a1ac85 wp-block-uagb-image--layout-default wp-block-uagb-image--effect-static wp-block-uagb-image--align-none\"><figure class=\"wp-block-uagb-image__figure\"><img decoding=\"async\" srcset=\"https:\/\/elcamaronceuta.es\/wp-content\/uploads\/2024\/03\/DSC_6025-1024x683.jpg ,https:\/\/elcamaronceuta.es\/wp-content\/uploads\/2024\/03\/DSC_6025-scaled.jpg 780w, https:\/\/elcamaronceuta.es\/wp-content\/uploads\/2024\/03\/DSC_6025-scaled.jpg 360w\" sizes=\"(max-width: 480px) 150px\" src=\"https:\/\/elcamaronceuta.es\/wp-content\/uploads\/2024\/03\/DSC_6025-1024x683.jpg\" alt=\"\" class=\"uag-image-1061\" width=\"555\" height=\"336\" title=\"Ambiente familiar y gastronom\u00eda marina en Ceuta\" loading=\"lazy\" role=\"img\"\/><\/figure><\/div>\n<\/div>\n\n\n\n<div class=\"wp-block-column is-layout-flow wp-block-column-is-layout-flow\">\n<h3 class=\"wp-block-heading has-text-align-left has-neve-link-hover-color-color has-text-color has-link-color has-large-font-size wp-elements-174c645b6bc7fde4942a6776ad1096ea\">Come marisco al mejor precio<\/h3>\n\n\n\n<p class=\"has-text-align-left has-medium-font-size\">Nos situamos en <a href=\"https:\/\/www.google.com\/maps\/place\/\/data=!4m2!3m1!1s0xd0ca35a847954a7:0x63278e9b6e6ea205?sa=X&amp;ved=1t:8290&amp;ictx=111\">C. 110 Bda. Juan Carlos I, 42, 51002 Ceuta<\/a> . En un barrio cercano al centro de la ciudad. Ll\u00e1manos, y disfruta del marisco Ceut\u00ed al precio m\u00e1s econ\u00f3mico<\/p>\n\n\n\n<p class=\"has-medium-font-size\">Si quieres ver im\u00e1genes de algunas de nuestras raciones y tapas, pincha aqu\u00ed;<\/p>\n\n\n\n<div class=\"wp-block-buttons is-layout-flex wp-block-buttons-is-layout-flex\">\n<div class=\"wp-block-button\"><a class=\"wp-block-button__link wp-element-button\" href=\"https:\/\/elcamaronceuta.es\/en\/ambiente-familiar-y-gastronomia-marina-en-ceuta\/\">Our Restaurant<\/a><\/div>\n<\/div>\n<\/div>\n<\/div>\n\n\n\n<div style=\"height:110px\" aria-hidden=\"true\" class=\"wp-block-spacer\"><\/div>","protected":false},"excerpt":{"rendered":"<p>Reserva ya ! disfruta del buen marisco en El Camar\u00f3n D\u00e9janos deleitarte con nuestras exquisitas tapas y raciones de marisco, preparadas con ingredientes frescos y de la m\u00e1s alta calidad y a un precio econ\u00f3mico. Reserva ahora para asegurar tu mesa y descubre por qu\u00e9 somos un restaurante familiar de toda la vida. Ll\u00e1manos directamente&hellip;&nbsp;<a href=\"https:\/\/elcamaronceuta.es\/en\/reserva-y-disfruta-el-marisco-ceuti\/\" class=\"\" rel=\"bookmark\">Read More &raquo;<span class=\"screen-reader-text\">Book<\/span><\/a><\/p>","protected":false},"author":1,"featured_media":0,"parent":0,"menu_order":0,"comment_status":"closed","ping_status":"closed","template":"","meta":{"_uag_custom_page_level_css":"","neve_meta_sidebar":"full-width","neve_meta_container":"contained","neve_meta_enable_content_width":"on","neve_meta_content_width":100,"neve_meta_title_alignment":"","neve_meta_author_avatar":"","neve_post_elements_order":"","neve_meta_disable_header":"","neve_meta_disable_footer":"","neve_meta_disable_title":"on","_themeisle_gutenberg_block_has_review":false,"_ti_tpc_template_sync":false,"_ti_tpc_template_id":"3p981tm0i8e16mos4sd9","footnotes":""},"yoast_head":"<!-- This site is optimized with the Yoast SEO plugin v23.0 - https:\/\/yoast.com\/wordpress\/plugins\/seo\/ -->\n<title>Reserva y disfruta el marisco Ceut\u00ed- El Camar\u00f3n<\/title>\n<meta name=\"description\" content=\"Reserva y disfruta el marisco Ceut\u00ed en el Bar Camar\u00f3n. Descubre nuestro ambiente acogedor y pide las mejores tapas.\" \/>\n<meta name=\"robots\" content=\"index, follow, max-snippet:-1, max-image-preview:large, max-video-preview:-1\" \/>\n<link rel=\"canonical\" href=\"https:\/\/elcamaronceuta.es\/en\/reserva-y-disfruta-el-marisco-ceuti\/\" \/>\n<meta property=\"og:locale\" content=\"en_US\" \/>\n<meta property=\"og:type\" content=\"article\" \/>\n<meta property=\"og:title\" content=\"Reserva y disfruta el marisco Ceut\u00ed- El Camar\u00f3n\" \/>\n<meta property=\"og:description\" content=\"Reserva y disfruta el marisco Ceut\u00ed en el Bar Camar\u00f3n. Descubre nuestro ambiente acogedor y pide las mejores tapas.\" \/>\n<meta property=\"og:url\" content=\"https:\/\/elcamaronceuta.es\/en\/reserva-y-disfruta-el-marisco-ceuti\/\" \/>\n<meta property=\"og:site_name\" content=\"El Camar\u00f3n\" \/>\n<meta property=\"article:modified_time\" content=\"2024-04-12T09:16:43+00:00\" \/>\n<meta property=\"og:image\" content=\"https:\/\/elcamaronceuta.es\/wp-content\/uploads\/2024\/03\/DSC_6045-1024x683.jpg\" \/>\n<meta name=\"twitter:card\" content=\"summary_large_image\" \/>\n<meta name=\"twitter:label1\" content=\"Est. reading time\" \/>\n\t<meta name=\"twitter:data1\" content=\"2 minutes\" \/>\n<script type=\"application\/ld+json\" class=\"yoast-schema-graph\">{\"@context\":\"https:\/\/schema.org\",\"@graph\":[{\"@type\":\"WebPage\",\"@id\":\"https:\/\/elcamaronceuta.es\/reserva-y-disfruta-el-marisco-ceuti\/\",\"url\":\"https:\/\/elcamaronceuta.es\/reserva-y-disfruta-el-marisco-ceuti\/\",\"name\":\"Reserva y disfruta el marisco Ceut\u00ed- El Camar\u00f3n\",\"isPartOf\":{\"@id\":\"https:\/\/elcamaronceuta.es\/#website\"},\"primaryImageOfPage\":{\"@id\":\"https:\/\/elcamaronceuta.es\/reserva-y-disfruta-el-marisco-ceuti\/#primaryimage\"},\"image\":{\"@id\":\"https:\/\/elcamaronceuta.es\/reserva-y-disfruta-el-marisco-ceuti\/#primaryimage\"},\"thumbnailUrl\":\"https:\/\/elcamaronceuta.es\/wp-content\/uploads\/2024\/03\/DSC_6045-1024x683.jpg\",\"datePublished\":\"2020-02-17T11:58:21+00:00\",\"dateModified\":\"2024-04-12T09:16:43+00:00\",\"description\":\"Reserva y disfruta el marisco Ceut\u00ed en el Bar Camar\u00f3n. Descubre nuestro ambiente acogedor y pide las mejores tapas.\",\"breadcrumb\":{\"@id\":\"https:\/\/elcamaronceuta.es\/reserva-y-disfruta-el-marisco-ceuti\/#breadcrumb\"},\"inLanguage\":\"en-US\",\"potentialAction\":[{\"@type\":\"ReadAction\",\"target\":[\"https:\/\/elcamaronceuta.es\/reserva-y-disfruta-el-marisco-ceuti\/\"]}]},{\"@type\":\"ImageObject\",\"inLanguage\":\"en-US\",\"@id\":\"https:\/\/elcamaronceuta.es\/reserva-y-disfruta-el-marisco-ceuti\/#primaryimage\",\"url\":\"https:\/\/elcamaronceuta.es\/wp-content\/uploads\/2024\/03\/DSC_6045-1024x683.jpg\",\"contentUrl\":\"https:\/\/elcamaronceuta.es\/wp-content\/uploads\/2024\/03\/DSC_6045-1024x683.jpg\"},{\"@type\":\"BreadcrumbList\",\"@id\":\"https:\/\/elcamaronceuta.es\/reserva-y-disfruta-el-marisco-ceuti\/#breadcrumb\",\"itemListElement\":[{\"@type\":\"ListItem\",\"position\":1,\"name\":\"Inicio\",\"item\":\"https:\/\/elcamaronceuta.es\/\"},{\"@type\":\"ListItem\",\"position\":2,\"name\":\"Reserva\"}]},{\"@type\":\"WebSite\",\"@id\":\"https:\/\/elcamaronceuta.es\/#website\",\"url\":\"https:\/\/elcamaronceuta.es\/\",\"name\":\"El Camar\u00f3n\",\"description\":\"Bar de tapas y raciones de pescado y marisco fresco.\",\"publisher\":{\"@id\":\"https:\/\/elcamaronceuta.es\/#organization\"},\"alternateName\":\"Bar El camar\u00f3n\",\"potentialAction\":[{\"@type\":\"SearchAction\",\"target\":{\"@type\":\"EntryPoint\",\"urlTemplate\":\"https:\/\/elcamaronceuta.es\/?s={search_term_string}\"},\"query-input\":\"required name=search_term_string\"}],\"inLanguage\":\"en-US\"},{\"@type\":\"Organization\",\"@id\":\"https:\/\/elcamaronceuta.es\/#organization\",\"name\":\"El Camar\u00f3n\",\"url\":\"https:\/\/elcamaronceuta.es\/\",\"logo\":{\"@type\":\"ImageObject\",\"inLanguage\":\"en-US\",\"@id\":\"https:\/\/elcamaronceuta.es\/#\/schema\/logo\/image\/\",\"url\":\"https:\/\/elcamaronceuta.es\/wp-content\/uploads\/2024\/03\/1b5050e2-21df-46ea-a68e-43f15ba68430.jpeg\",\"contentUrl\":\"https:\/\/elcamaronceuta.es\/wp-content\/uploads\/2024\/03\/1b5050e2-21df-46ea-a68e-43f15ba68430.jpeg\",\"width\":1024,\"height\":1024,\"caption\":\"El Camar\u00f3n\"},\"image\":{\"@id\":\"https:\/\/elcamaronceuta.es\/#\/schema\/logo\/image\/\"}}]}<\/script>\n<!-- \/ Yoast SEO plugin. -->","yoast_head_json":{"title":"Reserva y disfruta el marisco Ceut\u00ed- El Camar\u00f3n","description":"Reserva y disfruta el marisco Ceut\u00ed en el Bar Camar\u00f3n. Descubre nuestro ambiente acogedor y pide las mejores tapas.","robots":{"index":"index","follow":"follow","max-snippet":"max-snippet:-1","max-image-preview":"max-image-preview:large","max-video-preview":"max-video-preview:-1"},"canonical":"https:\/\/elcamaronceuta.es\/en\/reserva-y-disfruta-el-marisco-ceuti\/","og_locale":"en_US","og_type":"article","og_title":"Reserva y disfruta el marisco Ceut\u00ed- El Camar\u00f3n","og_description":"Reserva y disfruta el marisco Ceut\u00ed en el Bar Camar\u00f3n. Descubre nuestro ambiente acogedor y pide las mejores tapas.","og_url":"https:\/\/elcamaronceuta.es\/en\/reserva-y-disfruta-el-marisco-ceuti\/","og_site_name":"El Camar\u00f3n","article_modified_time":"2024-04-12T09:16:43+00:00","og_image":[{"url":"https:\/\/elcamaronceuta.es\/wp-content\/uploads\/2024\/03\/DSC_6045-1024x683.jpg"}],"twitter_card":"summary_large_image","twitter_misc":{"Est. reading time":"2 minutes"},"schema":{"@context":"https:\/\/schema.org","@graph":[{"@type":"WebPage","@id":"https:\/\/elcamaronceuta.es\/reserva-y-disfruta-el-marisco-ceuti\/","url":"https:\/\/elcamaronceuta.es\/reserva-y-disfruta-el-marisco-ceuti\/","name":"Reserva y disfruta el marisco Ceut\u00ed- El Camar\u00f3n","isPartOf":{"@id":"https:\/\/elcamaronceuta.es\/#website"},"primaryImageOfPage":{"@id":"https:\/\/elcamaronceuta.es\/reserva-y-disfruta-el-marisco-ceuti\/#primaryimage"},"image":{"@id":"https:\/\/elcamaronceuta.es\/reserva-y-disfruta-el-marisco-ceuti\/#primaryimage"},"thumbnailUrl":"https:\/\/elcamaronceuta.es\/wp-content\/uploads\/2024\/03\/DSC_6045-1024x683.jpg","datePublished":"2020-02-17T11:58:21+00:00","dateModified":"2024-04-12T09:16:43+00:00","description":"Reserva y disfruta el marisco Ceut\u00ed en el Bar Camar\u00f3n. Descubre nuestro ambiente acogedor y pide las mejores tapas.","breadcrumb":{"@id":"https:\/\/elcamaronceuta.es\/reserva-y-disfruta-el-marisco-ceuti\/#breadcrumb"},"inLanguage":"en-US","potentialAction":[{"@type":"ReadAction","target":["https:\/\/elcamaronceuta.es\/reserva-y-disfruta-el-marisco-ceuti\/"]}]},{"@type":"ImageObject","inLanguage":"en-US","@id":"https:\/\/elcamaronceuta.es\/reserva-y-disfruta-el-marisco-ceuti\/#primaryimage","url":"https:\/\/elcamaronceuta.es\/wp-content\/uploads\/2024\/03\/DSC_6045-1024x683.jpg","contentUrl":"https:\/\/elcamaronceuta.es\/wp-content\/uploads\/2024\/03\/DSC_6045-1024x683.jpg"},{"@type":"BreadcrumbList","@id":"https:\/\/elcamaronceuta.es\/reserva-y-disfruta-el-marisco-ceuti\/#breadcrumb","itemListElement":[{"@type":"ListItem","position":1,"name":"Inicio","item":"https:\/\/elcamaronceuta.es\/"},{"@type":"ListItem","position":2,"name":"Reserva"}]},{"@type":"WebSite","@id":"https:\/\/elcamaronceuta.es\/#website","url":"https:\/\/elcamaronceuta.es\/","name":"El Camar\u00f3n","description":"Bar de tapas y raciones de pescado y marisco fresco.","publisher":{"@id":"https:\/\/elcamaronceuta.es\/#organization"},"alternateName":"Bar El camar\u00f3n","potentialAction":[{"@type":"SearchAction","target":{"@type":"EntryPoint","urlTemplate":"https:\/\/elcamaronceuta.es\/?s={search_term_string}"},"query-input":"required name=search_term_string"}],"inLanguage":"en-US"},{"@type":"Organization","@id":"https:\/\/elcamaronceuta.es\/#organization","name":"El Camar\u00f3n","url":"https:\/\/elcamaronceuta.es\/","logo":{"@type":"ImageObject","inLanguage":"en-US","@id":"https:\/\/elcamaronceuta.es\/#\/schema\/logo\/image\/","url":"https:\/\/elcamaronceuta.es\/wp-content\/uploads\/2024\/03\/1b5050e2-21df-46ea-a68e-43f15ba68430.jpeg","contentUrl":"https:\/\/elcamaronceuta.es\/wp-content\/uploads\/2024\/03\/1b5050e2-21df-46ea-a68e-43f15ba68430.jpeg","width":1024,"height":1024,"caption":"El Camar\u00f3n"},"image":{"@id":"https:\/\/elcamaronceuta.es\/#\/schema\/logo\/image\/"}}]}},"uagb_featured_image_src":{"full":false,"thumbnail":false,"medium":false,"medium_large":false,"large":false,"1536x1536":false,"2048x2048":false,"trp-custom-language-flag":false,"neve-blog":false},"uagb_author_info":{"display_name":"elcamaronceuta.com","author_link":"https:\/\/elcamaronceuta.es\/en\/author\/elcamaronceuta-com\/"},"uagb_comment_info":0,"uagb_excerpt":"Reserva ya ! disfruta del buen marisco en El Camar\u00f3n D\u00e9janos deleitarte con nuestras exquisitas tapas y raciones de marisco, preparadas con ingredientes frescos y de la m\u00e1s alta calidad y a un precio econ\u00f3mico. Reserva ahora para asegurar tu mesa y descubre por qu\u00e9 somos un restaurante familiar de toda la vida. Ll\u00e1manos directamente&hellip;&nbsp;Read&hellip;","_links":{"self":[{"href":"https:\/\/elcamaronceuta.es\/en\/wp-json\/wp\/v2\/pages\/226"}],"collection":[{"href":"https:\/\/elcamaronceuta.es\/en\/wp-json\/wp\/v2\/pages"}],"about":[{"href":"https:\/\/elcamaronceuta.es\/en\/wp-json\/wp\/v2\/types\/page"}],"author":[{"embeddable":true,"href":"https:\/\/elcamaronceuta.es\/en\/wp-json\/wp\/v2\/users\/1"}],"replies":[{"embeddable":true,"href":"https:\/\/elcamaronceuta.es\/en\/wp-json\/wp\/v2\/comments?post=226"}],"version-history":[{"count":40,"href":"https:\/\/elcamaronceuta.es\/en\/wp-json\/wp\/v2\/pages\/226\/revisions"}],"predecessor-version":[{"id":1465,"href":"https:\/\/elcamaronceuta.es\/en\/wp-json\/wp\/v2\/pages\/226\/revisions\/1465"}],"wp:attachment":[{"href":"https:\/\/elcamaronceuta.es\/en\/wp-json\/wp\/v2\/media?parent=226"}],"curies":[{"name":"wp","href":"https:\/\/api.w.org\/{rel}","templated":true}]}}