{"id":1467,"date":"2024-04-12T11:47:35","date_gmt":"2024-04-12T09:47:35","guid":{"rendered":"https:\/\/elcamaronceuta.es\/?page_id=1467"},"modified":"2024-04-12T12:01:46","modified_gmt":"2024-04-12T10:01:46","slug":"politica-de-privacidad-camaron","status":"publish","type":"page","link":"https:\/\/elcamaronceuta.es\/en\/politica-de-privacidad-camaron\/","title":{"rendered":"Privacy Policy"},"content":{"rendered":"<div class=\"wp-block-uagb-image alignright uagb-block-08081919 wp-block-uagb-image--layout-default wp-block-uagb-image--effect-static wp-block-uagb-image--align-right\"><figure class=\"wp-block-uagb-image__figure\"><a class=\"\" href=\"https:\/\/elcamaronceuta.es\/en\/\" target=\"\" rel=\"noopener\"><img decoding=\"async\" srcset=\"https:\/\/elcamaronceuta.es\/wp-content\/uploads\/2024\/04\/1b5050e2-21df-46ea-a68e-43f15ba68430-removebg-preview.png ,https:\/\/elcamaronceuta.es\/wp-content\/uploads\/2024\/04\/1b5050e2-21df-46ea-a68e-43f15ba68430-removebg-preview.png 780w, https:\/\/elcamaronceuta.es\/wp-content\/uploads\/2024\/04\/1b5050e2-21df-46ea-a68e-43f15ba68430-removebg-preview.png 360w\" sizes=\"(max-width: 480px) 150px\" src=\"https:\/\/elcamaronceuta.es\/wp-content\/uploads\/2024\/04\/1b5050e2-21df-46ea-a68e-43f15ba68430-removebg-preview.png\" alt=\"Pol\u00edtica de privacidad Camar\u00f3n. Logo1\" class=\"uag-image-1241\" width=\"145\" height=\"145\" title=\"Pol\u00edtica de privacidad Camar\u00f3n\" loading=\"lazy\" role=\"img\"\/><\/a><\/figure><\/div>\n\n\n\n<p><strong>Pol\u00edtica de Privacidad El Camar\u00f3n<\/strong><\/p>\n\n\n\n<h1 class=\"wp-block-heading has-neve-link-hover-color-color has-text-color has-link-color has-large-font-size wp-elements-b67c3d17480c1e0dca48694e615f281a\">Pol\u00edtica de privacidad Bar El Camar\u00f3n<\/h1>\n\n\n\n<p>En el Bar Camar\u00f3n, valoramos y respetamos tu privacidad. Esta pol\u00edtica describe c\u00f3mo manejamos la informaci\u00f3n que puedas proporcionar durante tu visita a nuestro sitio web.<\/p>\n\n\n\n<p><strong>Informaci\u00f3n Recopilada<\/strong><\/p>\n\n\n\n<p>No recopilamos informaci\u00f3n personal identificable a trav\u00e9s de nuestro sitio web, a menos que decidas proporcionarla voluntariamente a trav\u00e9s de medios de contacto como correo electr\u00f3nico o llamada telef\u00f3nica.<\/p>\n\n\n\n<p><strong>Uso de la Informaci\u00f3n<\/strong><\/p>\n\n\n\n<p>Cualquier informaci\u00f3n que decidas compartir con nosotros ser\u00e1 utilizada \u00fanicamente para responder a tus consultas, atender tus reservas o proporcionarte informaci\u00f3n relevante sobre nuestros servicios.<\/p>\n\n\n\n<p><strong>Cookies<\/strong><\/p>\n\n\n\n<p>Nuestro sitio web puede utilizar cookies con el \u00fanico prop\u00f3sito de mejorar la experiencia del usuario. Estas cookies no recopilan informaci\u00f3n personal y puedes gestionarlas a trav\u00e9s de la configuraci\u00f3n de tu navegador.<\/p>\n\n\n\n<p><strong>Enlaces a Terceros<\/strong><\/p>\n\n\n\n<p>Nuestro sitio web puede contener enlaces a sitios de terceros. No somos responsables de las pr\u00e1cticas de privacidad de estos sitios y te recomendamos revisar sus pol\u00edticas de privacidad antes de proporcionar cualquier informaci\u00f3n personal.<\/p>\n\n\n\n<p><strong>Seguridad<\/strong><\/p>\n\n\n\n<p>Tomamos medidas para proteger la informaci\u00f3n que nos proporcionas contra el acceso no autorizado o el uso indebido.<\/p>\n\n\n\n<p><strong>Cambios en la Pol\u00edtica de Privacidad<\/strong><\/p>\n\n\n\n<p>Nos reservamos el derecho de actualizar esta pol\u00edtica de privacidad en cualquier momento. Cualquier cambio significativo ser\u00e1 comunicado a trav\u00e9s de nuestro sitio web.<\/p>\n\n\n\n<p><strong>Contacto<\/strong><\/p>\n\n\n\n<p>Si tienes preguntas o inquietudes sobre nuestra pol\u00edtica de privacidad, no dudes en contactarnos a trav\u00e9s de los medios de contacto proporcionados en nuestro sitio web.<\/p>\n\n\n\n<p><a href=\"https:\/\/www.google.com\/maps\/place\/\/data=!4m2!3m1!1s0xd0ca35a847954a7:0x63278e9b6e6ea205?sa=X&amp;ved=1t:8290&amp;ictx=111\">C. 110 Bda. Juan Carlos I, 42, 51002 Ceuta<\/a><\/p>\n\n\n\n<p>&nbsp;<a href=\"https:\/\/www.google.com\/search?q=bar+camar%C3%B3n+ceuta&amp;rlz=1C1GCEA_enES973ES973&amp;oq=Bar+camar%C3%B3n&amp;gs_lcrp=EgZjaHJvbWUqDggAEEUYJxg7GIAEGIoFMg4IABBFGCcYOxiABBiKBTINCAEQLhivARjHARiABDIOCAIQRRgnGDsYgAQYigUyBggDEEUYQDINCAQQLhivARjHARiABDIHCAUQABiABDIHCAYQABiABDIICAcQABgWGB7SAQkzNzAxajBqMTWoAgmwAgE&amp;sourceid=chrome&amp;ie=UTF-8#\">620 14 41 27<\/a><\/p>","protected":false},"excerpt":{"rendered":"<p>Pol\u00edtica de Privacidad El Camar\u00f3n Pol\u00edtica de privacidad Bar El Camar\u00f3n En el Bar Camar\u00f3n, valoramos y respetamos tu privacidad. Esta pol\u00edtica describe c\u00f3mo manejamos la informaci\u00f3n que puedas proporcionar durante tu visita a nuestro sitio web. Informaci\u00f3n Recopilada No recopilamos informaci\u00f3n personal identificable a trav\u00e9s de nuestro sitio web, a menos que decidas proporcionarla&hellip;&nbsp;<a href=\"https:\/\/elcamaronceuta.es\/en\/politica-de-privacidad-camaron\/\" class=\"\" rel=\"bookmark\">Read More &raquo;<span class=\"screen-reader-text\">Privacy Policy<\/span><\/a><\/p>","protected":false},"author":1,"featured_media":0,"parent":0,"menu_order":0,"comment_status":"closed","ping_status":"closed","template":"","meta":{"_uag_custom_page_level_css":"","neve_meta_sidebar":"","neve_meta_container":"","neve_meta_enable_content_width":"","neve_meta_content_width":0,"neve_meta_title_alignment":"","neve_meta_author_avatar":"","neve_post_elements_order":"","neve_meta_disable_header":"","neve_meta_disable_footer":"","neve_meta_disable_title":"","_themeisle_gutenberg_block_has_review":false,"_ti_tpc_template_sync":false,"_ti_tpc_template_id":"","footnotes":""},"yoast_head":"<!-- This site is optimized with the Yoast SEO plugin v23.0 - https:\/\/yoast.com\/wordpress\/plugins\/seo\/ -->\n<title>Pol\u00edtica de privacidad Camar\u00f3n - El Camar\u00f3n<\/title>\n<meta name=\"description\" content=\"Pol\u00edtica de privacidad Camar\u00f3n. Valoramos y respetamos tu privacidad. Esta pol\u00edtica describe c\u00f3mo manejamos la informaci\u00f3n.\" \/>\n<meta name=\"robots\" content=\"index, follow, max-snippet:-1, max-image-preview:large, max-video-preview:-1\" \/>\n<link rel=\"canonical\" href=\"https:\/\/www.elcamaronceuta.es\/politica-de-privacidad-camaron\/\" \/>\n<meta property=\"og:locale\" content=\"en_US\" \/>\n<meta property=\"og:type\" content=\"article\" \/>\n<meta property=\"og:title\" content=\"Pol\u00edtica de privacidad Camar\u00f3n - El Camar\u00f3n\" \/>\n<meta property=\"og:description\" content=\"Pol\u00edtica de privacidad Camar\u00f3n. Valoramos y respetamos tu privacidad. Esta pol\u00edtica describe c\u00f3mo manejamos la informaci\u00f3n.\" \/>\n<meta property=\"og:url\" content=\"https:\/\/www.elcamaronceuta.es\/politica-de-privacidad-camaron\/\" \/>\n<meta property=\"og:site_name\" content=\"El Camar\u00f3n\" \/>\n<meta property=\"article:modified_time\" content=\"2024-04-12T10:01:46+00:00\" \/>\n<meta property=\"og:image\" content=\"https:\/\/elcamaronceuta.es\/wp-content\/uploads\/2024\/04\/1b5050e2-21df-46ea-a68e-43f15ba68430-removebg-preview.png\" \/>\n<meta name=\"twitter:card\" content=\"summary_large_image\" \/>\n<meta name=\"twitter:label1\" content=\"Est. reading time\" \/>\n\t<meta name=\"twitter:data1\" content=\"2 minutes\" \/>\n<script type=\"application\/ld+json\" class=\"yoast-schema-graph\">{\"@context\":\"https:\/\/schema.org\",\"@graph\":[{\"@type\":\"WebPage\",\"@id\":\"https:\/\/www.elcamaronceuta.es\/politica-de-privacidad-camaron\/\",\"url\":\"https:\/\/www.elcamaronceuta.es\/politica-de-privacidad-camaron\/\",\"name\":\"Pol\u00edtica de privacidad Camar\u00f3n - El Camar\u00f3n\",\"isPartOf\":{\"@id\":\"https:\/\/elcamaronceuta.es\/#website\"},\"primaryImageOfPage\":{\"@id\":\"https:\/\/www.elcamaronceuta.es\/politica-de-privacidad-camaron\/#primaryimage\"},\"image\":{\"@id\":\"https:\/\/www.elcamaronceuta.es\/politica-de-privacidad-camaron\/#primaryimage\"},\"thumbnailUrl\":\"https:\/\/elcamaronceuta.es\/wp-content\/uploads\/2024\/04\/1b5050e2-21df-46ea-a68e-43f15ba68430-removebg-preview.png\",\"datePublished\":\"2024-04-12T09:47:35+00:00\",\"dateModified\":\"2024-04-12T10:01:46+00:00\",\"description\":\"Pol\u00edtica de privacidad Camar\u00f3n. Valoramos y respetamos tu privacidad. Esta pol\u00edtica describe c\u00f3mo manejamos la informaci\u00f3n.\",\"breadcrumb\":{\"@id\":\"https:\/\/www.elcamaronceuta.es\/politica-de-privacidad-camaron\/#breadcrumb\"},\"inLanguage\":\"en-US\",\"potentialAction\":[{\"@type\":\"ReadAction\",\"target\":[\"https:\/\/www.elcamaronceuta.es\/politica-de-privacidad-camaron\/\"]}]},{\"@type\":\"ImageObject\",\"inLanguage\":\"en-US\",\"@id\":\"https:\/\/www.elcamaronceuta.es\/politica-de-privacidad-camaron\/#primaryimage\",\"url\":\"https:\/\/elcamaronceuta.es\/wp-content\/uploads\/2024\/04\/1b5050e2-21df-46ea-a68e-43f15ba68430-removebg-preview.png\",\"contentUrl\":\"https:\/\/elcamaronceuta.es\/wp-content\/uploads\/2024\/04\/1b5050e2-21df-46ea-a68e-43f15ba68430-removebg-preview.png\"},{\"@type\":\"BreadcrumbList\",\"@id\":\"https:\/\/www.elcamaronceuta.es\/politica-de-privacidad-camaron\/#breadcrumb\",\"itemListElement\":[{\"@type\":\"ListItem\",\"position\":1,\"name\":\"Inicio\",\"item\":\"https:\/\/elcamaronceuta.es\/\"},{\"@type\":\"ListItem\",\"position\":2,\"name\":\"Pol\u00edtica de privacidad\"}]},{\"@type\":\"WebSite\",\"@id\":\"https:\/\/elcamaronceuta.es\/#website\",\"url\":\"https:\/\/elcamaronceuta.es\/\",\"name\":\"El Camar\u00f3n\",\"description\":\"Bar de tapas y raciones de pescado y marisco fresco.\",\"publisher\":{\"@id\":\"https:\/\/elcamaronceuta.es\/#organization\"},\"alternateName\":\"Bar El camar\u00f3n\",\"potentialAction\":[{\"@type\":\"SearchAction\",\"target\":{\"@type\":\"EntryPoint\",\"urlTemplate\":\"https:\/\/elcamaronceuta.es\/?s={search_term_string}\"},\"query-input\":\"required name=search_term_string\"}],\"inLanguage\":\"en-US\"},{\"@type\":\"Organization\",\"@id\":\"https:\/\/elcamaronceuta.es\/#organization\",\"name\":\"El Camar\u00f3n\",\"url\":\"https:\/\/elcamaronceuta.es\/\",\"logo\":{\"@type\":\"ImageObject\",\"inLanguage\":\"en-US\",\"@id\":\"https:\/\/elcamaronceuta.es\/#\/schema\/logo\/image\/\",\"url\":\"https:\/\/elcamaronceuta.es\/wp-content\/uploads\/2024\/03\/1b5050e2-21df-46ea-a68e-43f15ba68430.jpeg\",\"contentUrl\":\"https:\/\/elcamaronceuta.es\/wp-content\/uploads\/2024\/03\/1b5050e2-21df-46ea-a68e-43f15ba68430.jpeg\",\"width\":1024,\"height\":1024,\"caption\":\"El Camar\u00f3n\"},\"image\":{\"@id\":\"https:\/\/elcamaronceuta.es\/#\/schema\/logo\/image\/\"}}]}<\/script>\n<!-- \/ Yoast SEO plugin. -->","yoast_head_json":{"title":"Pol\u00edtica de privacidad Camar\u00f3n - El Camar\u00f3n","description":"Pol\u00edtica de privacidad Camar\u00f3n. Valoramos y respetamos tu privacidad. Esta pol\u00edtica describe c\u00f3mo manejamos la informaci\u00f3n.","robots":{"index":"index","follow":"follow","max-snippet":"max-snippet:-1","max-image-preview":"max-image-preview:large","max-video-preview":"max-video-preview:-1"},"canonical":"https:\/\/www.elcamaronceuta.es\/politica-de-privacidad-camaron\/","og_locale":"en_US","og_type":"article","og_title":"Pol\u00edtica de privacidad Camar\u00f3n - El Camar\u00f3n","og_description":"Pol\u00edtica de privacidad Camar\u00f3n. Valoramos y respetamos tu privacidad. Esta pol\u00edtica describe c\u00f3mo manejamos la informaci\u00f3n.","og_url":"https:\/\/www.elcamaronceuta.es\/politica-de-privacidad-camaron\/","og_site_name":"El Camar\u00f3n","article_modified_time":"2024-04-12T10:01:46+00:00","og_image":[{"url":"https:\/\/elcamaronceuta.es\/wp-content\/uploads\/2024\/04\/1b5050e2-21df-46ea-a68e-43f15ba68430-removebg-preview.png"}],"twitter_card":"summary_large_image","twitter_misc":{"Est. reading time":"2 minutes"},"schema":{"@context":"https:\/\/schema.org","@graph":[{"@type":"WebPage","@id":"https:\/\/www.elcamaronceuta.es\/politica-de-privacidad-camaron\/","url":"https:\/\/www.elcamaronceuta.es\/politica-de-privacidad-camaron\/","name":"Pol\u00edtica de privacidad Camar\u00f3n - El Camar\u00f3n","isPartOf":{"@id":"https:\/\/elcamaronceuta.es\/#website"},"primaryImageOfPage":{"@id":"https:\/\/www.elcamaronceuta.es\/politica-de-privacidad-camaron\/#primaryimage"},"image":{"@id":"https:\/\/www.elcamaronceuta.es\/politica-de-privacidad-camaron\/#primaryimage"},"thumbnailUrl":"https:\/\/elcamaronceuta.es\/wp-content\/uploads\/2024\/04\/1b5050e2-21df-46ea-a68e-43f15ba68430-removebg-preview.png","datePublished":"2024-04-12T09:47:35+00:00","dateModified":"2024-04-12T10:01:46+00:00","description":"Pol\u00edtica de privacidad Camar\u00f3n. Valoramos y respetamos tu privacidad. Esta pol\u00edtica describe c\u00f3mo manejamos la informaci\u00f3n.","breadcrumb":{"@id":"https:\/\/www.elcamaronceuta.es\/politica-de-privacidad-camaron\/#breadcrumb"},"inLanguage":"en-US","potentialAction":[{"@type":"ReadAction","target":["https:\/\/www.elcamaronceuta.es\/politica-de-privacidad-camaron\/"]}]},{"@type":"ImageObject","inLanguage":"en-US","@id":"https:\/\/www.elcamaronceuta.es\/politica-de-privacidad-camaron\/#primaryimage","url":"https:\/\/elcamaronceuta.es\/wp-content\/uploads\/2024\/04\/1b5050e2-21df-46ea-a68e-43f15ba68430-removebg-preview.png","contentUrl":"https:\/\/elcamaronceuta.es\/wp-content\/uploads\/2024\/04\/1b5050e2-21df-46ea-a68e-43f15ba68430-removebg-preview.png"},{"@type":"BreadcrumbList","@id":"https:\/\/www.elcamaronceuta.es\/politica-de-privacidad-camaron\/#breadcrumb","itemListElement":[{"@type":"ListItem","position":1,"name":"Inicio","item":"https:\/\/elcamaronceuta.es\/"},{"@type":"ListItem","position":2,"name":"Pol\u00edtica de privacidad"}]},{"@type":"WebSite","@id":"https:\/\/elcamaronceuta.es\/#website","url":"https:\/\/elcamaronceuta.es\/","name":"El Camar\u00f3n","description":"Bar de tapas y raciones de pescado y marisco fresco.","publisher":{"@id":"https:\/\/elcamaronceuta.es\/#organization"},"alternateName":"Bar El camar\u00f3n","potentialAction":[{"@type":"SearchAction","target":{"@type":"EntryPoint","urlTemplate":"https:\/\/elcamaronceuta.es\/?s={search_term_string}"},"query-input":"required name=search_term_string"}],"inLanguage":"en-US"},{"@type":"Organization","@id":"https:\/\/elcamaronceuta.es\/#organization","name":"El Camar\u00f3n","url":"https:\/\/elcamaronceuta.es\/","logo":{"@type":"ImageObject","inLanguage":"en-US","@id":"https:\/\/elcamaronceuta.es\/#\/schema\/logo\/image\/","url":"https:\/\/elcamaronceuta.es\/wp-content\/uploads\/2024\/03\/1b5050e2-21df-46ea-a68e-43f15ba68430.jpeg","contentUrl":"https:\/\/elcamaronceuta.es\/wp-content\/uploads\/2024\/03\/1b5050e2-21df-46ea-a68e-43f15ba68430.jpeg","width":1024,"height":1024,"caption":"El Camar\u00f3n"},"image":{"@id":"https:\/\/elcamaronceuta.es\/#\/schema\/logo\/image\/"}}]}},"uagb_featured_image_src":{"full":false,"thumbnail":false,"medium":false,"medium_large":false,"large":false,"1536x1536":false,"2048x2048":false,"trp-custom-language-flag":false,"neve-blog":false},"uagb_author_info":{"display_name":"elcamaronceuta.com","author_link":"https:\/\/elcamaronceuta.es\/en\/author\/elcamaronceuta-com\/"},"uagb_comment_info":0,"uagb_excerpt":"Pol\u00edtica de Privacidad El Camar\u00f3n Pol\u00edtica de privacidad Bar El Camar\u00f3n En el Bar Camar\u00f3n, valoramos y respetamos tu privacidad. Esta pol\u00edtica describe c\u00f3mo manejamos la informaci\u00f3n que puedas proporcionar durante tu visita a nuestro sitio web. Informaci\u00f3n Recopilada No recopilamos informaci\u00f3n personal identificable a trav\u00e9s de nuestro sitio web, a menos que decidas proporcionarla&hellip;&nbsp;Read&hellip;","_links":{"self":[{"href":"https:\/\/elcamaronceuta.es\/en\/wp-json\/wp\/v2\/pages\/1467"}],"collection":[{"href":"https:\/\/elcamaronceuta.es\/en\/wp-json\/wp\/v2\/pages"}],"about":[{"href":"https:\/\/elcamaronceuta.es\/en\/wp-json\/wp\/v2\/types\/page"}],"author":[{"embeddable":true,"href":"https:\/\/elcamaronceuta.es\/en\/wp-json\/wp\/v2\/users\/1"}],"replies":[{"embeddable":true,"href":"https:\/\/elcamaronceuta.es\/en\/wp-json\/wp\/v2\/comments?post=1467"}],"version-history":[{"count":5,"href":"https:\/\/elcamaronceuta.es\/en\/wp-json\/wp\/v2\/pages\/1467\/revisions"}],"predecessor-version":[{"id":1475,"href":"https:\/\/elcamaronceuta.es\/en\/wp-json\/wp\/v2\/pages\/1467\/revisions\/1475"}],"wp:attachment":[{"href":"https:\/\/elcamaronceuta.es\/en\/wp-json\/wp\/v2\/media?parent=1467"}],"curies":[{"name":"wp","href":"https:\/\/api.w.org\/{rel}","templated":true}]}}